{"id":10599,"date":"2026-01-02T08:20:57","date_gmt":"2026-01-02T08:20:57","guid":{"rendered":"https:\/\/przechowywanierzeczy.pl\/?post_type=product&#038;p=10599"},"modified":"2026-04-06T16:43:32","modified_gmt":"2026-04-06T16:43:32","slug":"magazyn-xxl-12mkw","status":"publish","type":"product","link":"https:\/\/przechowywanierzeczy.pl\/index.php\/produkt\/magazyn-xxl-12mkw\/","title":{"rendered":"Magazyn XXL &#8211; 12m\u00b2"},"content":{"rendered":"<h3>Du\u017ca przestrze\u0144 na wyposa\u017cenie mieszkania, biura lub firmowy magazyn. Wyobra\u017a sobie, \u017ce to kawalerka z piaskowej bez \u0142azienki.<\/h3>\n<p><strong>Wymiary wewn\u0119trzne:<\/strong><\/p>\n<p><em>szeroko\u015b\u0107: 215cm<\/em><\/p>\n<p><em>d\u0142ugo\u015b\u0107: 600cm<\/em><\/p>\n<p><em>wysoko\u015b\u0107: 210cm<\/em><\/p>\n<p><em>kubatura<\/em>: ~27m\u00b3<\/p>\n<h3>Co zawiera oferta?<\/h3>\n<ul>\n<li data-section-id=\"eck4ii\" data-start=\"1101\" data-end=\"1120\">monitoring 24\/7<\/li>\n<li data-section-id=\"pvpa6l\" data-start=\"1121\" data-end=\"1146\">dost\u0119p o ka\u017cdej porze tylko dla os\u00f3b wynajmuj\u0105cych<\/li>\n<li data-section-id=\"ak3v8m\" data-start=\"1147\" data-end=\"1172\">o\u015bwietlenie placu<\/li>\n<li data-section-id=\"128hsae\" data-start=\"1173\" data-end=\"1203\">brak d\u0142ugoterminowych um\u00f3w<\/li>\n<li data-section-id=\"19rypis\" data-start=\"1204\" data-end=\"1247\">\u0142atwy dojazd z ka\u017cdej cz\u0119\u015bci Wa\u0142brzycha<\/li>\n<\/ul>\n","protected":false},"excerpt":{"rendered":"<p>Du\u017ca przestrze\u0144 na wyposa\u017cenie mieszkania, biura lub firmowy magazyn. Wyobra\u017a sobie, \u017ce to kawalerka z piaskowej bez \u0142azienki. Wymiary wewn\u0119trzne: szeroko\u015b\u0107: 215cm d\u0142ugo\u015b\u0107: 600cm wysoko\u015b\u0107: 210cm kubatura: ~27m\u00b3 Co zawiera oferta? monitoring 24\/7 dost\u0119p o ka\u017cdej porze tylko dla os\u00f3b wynajmuj\u0105cych o\u015bwietlenie placu brak d\u0142ugoterminowych um\u00f3w \u0142atwy dojazd z ka\u017cdej cz\u0119\u015bci Wa\u0142brzycha<\/p>\n","protected":false},"featured_media":10625,"template":"","meta":[],"product_brand":[],"product_cat":[41],"product_tag":[],"class_list":{"0":"post-10599","1":"product","2":"type-product","3":"status-publish","4":"has-post-thumbnail","6":"product_cat-bez-kategorii","8":"first","9":"instock","10":"taxable","11":"shipping-taxable","12":"purchasable","13":"product-type-simple"},"_links":{"self":[{"href":"https:\/\/przechowywanierzeczy.pl\/index.php\/wp-json\/wp\/v2\/product\/10599","targetHints":{"allow":["GET"]}}],"collection":[{"href":"https:\/\/przechowywanierzeczy.pl\/index.php\/wp-json\/wp\/v2\/product"}],"about":[{"href":"https:\/\/przechowywanierzeczy.pl\/index.php\/wp-json\/wp\/v2\/types\/product"}],"wp:featuredmedia":[{"embeddable":true,"href":"https:\/\/przechowywanierzeczy.pl\/index.php\/wp-json\/wp\/v2\/media\/10625"}],"wp:attachment":[{"href":"https:\/\/przechowywanierzeczy.pl\/index.php\/wp-json\/wp\/v2\/media?parent=10599"}],"wp:term":[{"taxonomy":"product_brand","embeddable":true,"href":"https:\/\/przechowywanierzeczy.pl\/index.php\/wp-json\/wp\/v2\/product_brand?post=10599"},{"taxonomy":"product_cat","embeddable":true,"href":"https:\/\/przechowywanierzeczy.pl\/index.php\/wp-json\/wp\/v2\/product_cat?post=10599"},{"taxonomy":"product_tag","embeddable":true,"href":"https:\/\/przechowywanierzeczy.pl\/index.php\/wp-json\/wp\/v2\/product_tag?post=10599"}],"curies":[{"name":"wp","href":"https:\/\/api.w.org\/{rel}","templated":true}]}}